{"id":1179,"date":"2024-06-06T13:06:47","date_gmt":"2024-06-06T11:06:47","guid":{"rendered":"https:\/\/turismoalmagrocreativo.com\/?page_id=1179"},"modified":"2024-06-06T14:52:07","modified_gmt":"2024-06-06T12:52:07","slug":"rutas-2","status":"publish","type":"page","link":"https:\/\/turismoalmagrocreativo.com\/index.php\/rutas-2\/","title":{"rendered":"Ruta Castillo De Calatrava"},"content":{"rendered":"\t\t<div data-elementor-type=\"wp-page\" data-elementor-id=\"1179\" class=\"elementor elementor-1179\">\n\t\t\t\t<div class=\"elementor-element elementor-element-f79f6c5 e-flex e-con-boxed e-con e-parent\" data-id=\"f79f6c5\" data-element_type=\"container\">\n\t\t\t\t\t<div class=\"e-con-inner\">\n\t\t\t\t<div class=\"elementor-element elementor-element-a3f26e0 elementor-widget elementor-widget-text-editor\" data-id=\"a3f26e0\" data-element_type=\"widget\" data-widget_type=\"text-editor.default\">\n\t\t\t\t<div class=\"elementor-widget-container\">\n\t\t\t\t\t\t\t\t\t<h1 style=\"text-align: center;\">RUTA 3<\/h1><h1 style=\"text-align: center;\"><strong><span style=\"color: #000000;\">SACRO-CONVENTO Y CASTILLO DE CALATRAVA LA NUEVA<\/span><\/strong><\/h1><h2 style=\"text-align: center;\"><strong>(Tour de 2 horas)<\/strong><\/h2><p style=\"text-align: center;\"><em>Vamos viajero est\u00e1s a punto de <strong>penetrar en la sede de la poderosa Orden de Calatrava<\/strong>, elegido por los monjes guerreros como avanzadilla para la conquista de Andaluc\u00eda tras la victoria de las <strong>Navas de Tolosa.<\/strong><\/em><\/p><p style=\"text-align: center;\"><em>Solo el ascenso a la <strong>fortaleza<\/strong>, de las m\u00e1s inexpugnables de <strong>Europa en el siglo XIII<\/strong>, es toda una <strong>aventura<\/strong>.<\/em><\/p><p style=\"text-align: center;\"><em>La <strong>soberbia iglesia cisterciense<\/strong>, cuyo roset\u00f3n proyecta una luz <strong>medieval<\/strong>, sigue <strong>transportando<\/strong> al visitante a aquella <strong>\u00e9poca<\/strong>. Es un <strong>gran templo de tres naves y cabecera tripartita, donde se mezclan estructuras g\u00f3ticas con otras rom\u00e1nicas.<\/strong><\/em><\/p><p style=\"text-align: center;\"><em>Su gran roset\u00f3n de la <strong>iglesia abacial<\/strong>, abierto al cielo como un enigm\u00e1tico y ancestral telescopio, ha <strong>fascinado<\/strong> a gentes de todas las <strong>\u00e9pocas<\/strong>.<\/em><\/p><p style=\"text-align: center;\"><em>La <strong>fortaleza<\/strong> se encuentra en la <strong>parte m\u00e1s alta<\/strong>, sobre las <strong>pe\u00f1as<\/strong>, donde se situaban las <strong>dependencias del Maestre y de la guarnici\u00f3n.<\/strong> En la<strong> parte baja<\/strong> nos encontramos con la <strong>zona conventual<\/strong>, dedicada a la vida de recogimiento por los <strong>monjes Calatravos\u2026<\/strong>refectorio o comedor, las cocinas, los dormitorios, el <strong>claustro<\/strong> lugar de oraci\u00f3n y contemplaci\u00f3n, la sala capitular, donde se <strong>celebraban los cap\u00edtulos generales de la Orden y los nombramientos de los caballeros<\/strong>, el campo de los <strong>m\u00e1rtires<\/strong>, as\u00ed como la <strong>hospeder\u00eda<\/strong> para los visitantes.<\/em><\/p><p style=\"text-align: center;\"><em>\u00a1Sin duda, un parque tem\u00e1tico de la \u00e9poca medieval!<\/em><\/p>\t\t\t\t\t\t\t\t<\/div>\n\t\t\t\t<\/div>\n\t\t\t\t\t<\/div>\n\t\t\t\t<\/div>\n\t\t<div class=\"elementor-element elementor-element-72daee3 e-flex e-con-boxed e-con e-parent\" data-id=\"72daee3\" data-element_type=\"container\">\n\t\t\t\t\t<div class=\"e-con-inner\">\n\t\t\t\t<div class=\"elementor-element elementor-element-e61fb49 elementor-widget__width-inherit elementor-widget elementor-widget-image-carousel\" data-id=\"e61fb49\" data-element_type=\"widget\" data-settings=\"{&quot;speed&quot;:900,&quot;navigation&quot;:&quot;none&quot;,&quot;autoplay_speed&quot;:2500,&quot;image_spacing_custom&quot;:{&quot;unit&quot;:&quot;px&quot;,&quot;size&quot;:15,&quot;sizes&quot;:[]},&quot;autoplay&quot;:&quot;yes&quot;,&quot;infinite&quot;:&quot;yes&quot;,&quot;image_spacing_custom_tablet&quot;:{&quot;unit&quot;:&quot;px&quot;,&quot;size&quot;:&quot;&quot;,&quot;sizes&quot;:[]},&quot;image_spacing_custom_mobile&quot;:{&quot;unit&quot;:&quot;px&quot;,&quot;size&quot;:&quot;&quot;,&quot;sizes&quot;:[]}}\" data-widget_type=\"image-carousel.default\">\n\t\t\t\t<div class=\"elementor-widget-container\">\n\t\t\t\t\t\t\t<div class=\"elementor-image-carousel-wrapper swiper\" role=\"region\" aria-roledescription=\"carousel\" aria-label=\"Carrusel de im\u00e1genes\" dir=\"ltr\">\n\t\t\t<div class=\"elementor-image-carousel swiper-wrapper\" aria-live=\"off\">\n\t\t\t\t\t\t\t\t<div class=\"swiper-slide\" role=\"group\" aria-roledescription=\"slide\" aria-label=\"1 de 9\"><figure class=\"swiper-slide-inner\"><img decoding=\"async\" class=\"swiper-slide-image\" src=\"https:\/\/turismoalmagrocreativo.com\/wp-content\/uploads\/2024\/06\/i1-600x600.jpg\" alt=\"i1\" \/><\/figure><\/div><div class=\"swiper-slide\" role=\"group\" aria-roledescription=\"slide\" aria-label=\"2 de 9\"><figure class=\"swiper-slide-inner\"><img decoding=\"async\" class=\"swiper-slide-image\" src=\"https:\/\/turismoalmagrocreativo.com\/wp-content\/uploads\/2024\/06\/i2-600x600.jpg\" alt=\"i2\" \/><\/figure><\/div><div class=\"swiper-slide\" role=\"group\" aria-roledescription=\"slide\" aria-label=\"3 de 9\"><figure class=\"swiper-slide-inner\"><img decoding=\"async\" class=\"swiper-slide-image\" src=\"https:\/\/turismoalmagrocreativo.com\/wp-content\/uploads\/2024\/06\/i3-600x600.jpg\" alt=\"i3\" \/><\/figure><\/div><div class=\"swiper-slide\" role=\"group\" aria-roledescription=\"slide\" aria-label=\"4 de 9\"><figure class=\"swiper-slide-inner\"><img decoding=\"async\" class=\"swiper-slide-image\" src=\"https:\/\/turismoalmagrocreativo.com\/wp-content\/uploads\/2024\/06\/i4-600x600.jpg\" alt=\"i4\" \/><\/figure><\/div><div class=\"swiper-slide\" role=\"group\" aria-roledescription=\"slide\" aria-label=\"5 de 9\"><figure class=\"swiper-slide-inner\"><img decoding=\"async\" class=\"swiper-slide-image\" src=\"https:\/\/turismoalmagrocreativo.com\/wp-content\/uploads\/2024\/06\/i5-600x600.jpg\" alt=\"i5\" \/><\/figure><\/div><div class=\"swiper-slide\" role=\"group\" aria-roledescription=\"slide\" aria-label=\"6 de 9\"><figure class=\"swiper-slide-inner\"><img decoding=\"async\" class=\"swiper-slide-image\" src=\"https:\/\/turismoalmagrocreativo.com\/wp-content\/uploads\/2024\/06\/i6-600x600.jpg\" alt=\"i6\" \/><\/figure><\/div><div class=\"swiper-slide\" role=\"group\" aria-roledescription=\"slide\" aria-label=\"7 de 9\"><figure class=\"swiper-slide-inner\"><img decoding=\"async\" class=\"swiper-slide-image\" src=\"https:\/\/turismoalmagrocreativo.com\/wp-content\/uploads\/2024\/06\/i7-600x600.jpg\" alt=\"i7\" \/><\/figure><\/div><div class=\"swiper-slide\" role=\"group\" aria-roledescription=\"slide\" aria-label=\"8 de 9\"><figure class=\"swiper-slide-inner\"><img decoding=\"async\" class=\"swiper-slide-image\" src=\"https:\/\/turismoalmagrocreativo.com\/wp-content\/uploads\/2024\/06\/i8-600x600.jpg\" alt=\"i8\" \/><\/figure><\/div><div class=\"swiper-slide\" role=\"group\" aria-roledescription=\"slide\" aria-label=\"9 de 9\"><figure class=\"swiper-slide-inner\"><img decoding=\"async\" class=\"swiper-slide-image\" src=\"https:\/\/turismoalmagrocreativo.com\/wp-content\/uploads\/2024\/06\/i9-600x600.jpg\" alt=\"i9\" \/><\/figure><\/div>\t\t\t<\/div>\n\t\t\t\t\t\t\t\n\t\t\t\t\t\t\t\t\t<\/div>\n\t\t\t\t\t\t<\/div>\n\t\t\t\t<\/div>\n\t\t\t\t\t<\/div>\n\t\t\t\t<\/div>\n\t\t<div class=\"elementor-element elementor-element-5104b22 e-flex e-con-boxed e-con e-parent\" data-id=\"5104b22\" data-element_type=\"container\">\n\t\t\t\t\t<div class=\"e-con-inner\">\n\t\t\t\t<div class=\"elementor-element elementor-element-78e35e4 elementor-button-danger elementor-align-center elementor-widget elementor-widget-button\" data-id=\"78e35e4\" data-element_type=\"widget\" data-widget_type=\"button.default\">\n\t\t\t\t<div class=\"elementor-widget-container\">\n\t\t\t\t\t\t\t\t\t<div class=\"elementor-button-wrapper\">\n\t\t\t\t\t<a class=\"elementor-button elementor-button-link elementor-size-sm\" href=\"https:\/\/turismoalmagrocreativo.com\/index.php\/contact\/\">\n\t\t\t\t\t\t<span class=\"elementor-button-content-wrapper\">\n\t\t\t\t\t\t<span class=\"elementor-button-icon\">\n\t\t\t\t<svg aria-hidden=\"true\" class=\"e-font-icon-svg e-far-calendar-alt\" viewBox=\"0 0 448 512\" xmlns=\"http:\/\/www.w3.org\/2000\/svg\"><path d=\"M148 288h-40c-6.6 0-12-5.4-12-12v-40c0-6.6 5.4-12 12-12h40c6.6 0 12 5.4 12 12v40c0 6.6-5.4 12-12 12zm108-12v-40c0-6.6-5.4-12-12-12h-40c-6.6 0-12 5.4-12 12v40c0 6.6 5.4 12 12 12h40c6.6 0 12-5.4 12-12zm96 0v-40c0-6.6-5.4-12-12-12h-40c-6.6 0-12 5.4-12 12v40c0 6.6 5.4 12 12 12h40c6.6 0 12-5.4 12-12zm-96 96v-40c0-6.6-5.4-12-12-12h-40c-6.6 0-12 5.4-12 12v40c0 6.6 5.4 12 12 12h40c6.6 0 12-5.4 12-12zm-96 0v-40c0-6.6-5.4-12-12-12h-40c-6.6 0-12 5.4-12 12v40c0 6.6 5.4 12 12 12h40c6.6 0 12-5.4 12-12zm192 0v-40c0-6.6-5.4-12-12-12h-40c-6.6 0-12 5.4-12 12v40c0 6.6 5.4 12 12 12h40c6.6 0 12-5.4 12-12zm96-260v352c0 26.5-21.5 48-48 48H48c-26.5 0-48-21.5-48-48V112c0-26.5 21.5-48 48-48h48V12c0-6.6 5.4-12 12-12h40c6.6 0 12 5.4 12 12v52h128V12c0-6.6 5.4-12 12-12h40c6.6 0 12 5.4 12 12v52h48c26.5 0 48 21.5 48 48zm-48 346V160H48v298c0 3.3 2.7 6 6 6h340c3.3 0 6-2.7 6-6z\"><\/path><\/svg>\t\t\t<\/span>\n\t\t\t\t\t\t\t\t\t<span class=\"elementor-button-text\">Reserva<\/span>\n\t\t\t\t\t<\/span>\n\t\t\t\t\t<\/a>\n\t\t\t\t<\/div>\n\t\t\t\t\t\t\t\t<\/div>\n\t\t\t\t<\/div>\n\t\t\t\t\t<\/div>\n\t\t\t\t<\/div>\n\t\t\t\t<\/div>\n\t\t","protected":false},"excerpt":{"rendered":"<p>RUTA 3 SACRO-CONVENTO Y CASTILLO DE CALATRAVA LA NUEVA (Tour de 2 horas) Vamos viajero est\u00e1s a punto de penetrar en la sede de la poderosa Orden de Calatrava, elegido por los monjes guerreros como avanzadilla para la conquista de Andaluc\u00eda tras la victoria de las Navas de Tolosa. Solo el ascenso a la fortaleza, [&hellip;]<\/p>\n","protected":false},"author":1,"featured_media":0,"parent":0,"menu_order":0,"comment_status":"closed","ping_status":"closed","template":"","meta":{"ocean_post_layout":"","ocean_both_sidebars_style":"","ocean_both_sidebars_content_width":0,"ocean_both_sidebars_sidebars_width":0,"ocean_sidebar":"","ocean_second_sidebar":"","ocean_disable_margins":"enable","ocean_add_body_class":"","ocean_shortcode_before_top_bar":"","ocean_shortcode_after_top_bar":"","ocean_shortcode_before_header":"","ocean_shortcode_after_header":"","ocean_has_shortcode":"","ocean_shortcode_after_title":"","ocean_shortcode_before_footer_widgets":"","ocean_shortcode_after_footer_widgets":"","ocean_shortcode_before_footer_bottom":"","ocean_shortcode_after_footer_bottom":"","ocean_display_top_bar":"default","ocean_display_header":"default","ocean_header_style":"","ocean_center_header_left_menu":"","ocean_custom_header_template":"","ocean_custom_logo":0,"ocean_custom_retina_logo":0,"ocean_custom_logo_max_width":0,"ocean_custom_logo_tablet_max_width":0,"ocean_custom_logo_mobile_max_width":0,"ocean_custom_logo_max_height":0,"ocean_custom_logo_tablet_max_height":0,"ocean_custom_logo_mobile_max_height":0,"ocean_header_custom_menu":"","ocean_menu_typo_font_family":"","ocean_menu_typo_font_subset":"","ocean_menu_typo_font_size":0,"ocean_menu_typo_font_size_tablet":0,"ocean_menu_typo_font_size_mobile":0,"ocean_menu_typo_font_size_unit":"px","ocean_menu_typo_font_weight":"","ocean_menu_typo_font_weight_tablet":"","ocean_menu_typo_font_weight_mobile":"","ocean_menu_typo_transform":"","ocean_menu_typo_transform_tablet":"","ocean_menu_typo_transform_mobile":"","ocean_menu_typo_line_height":0,"ocean_menu_typo_line_height_tablet":0,"ocean_menu_typo_line_height_mobile":0,"ocean_menu_typo_line_height_unit":"","ocean_menu_typo_spacing":0,"ocean_menu_typo_spacing_tablet":0,"ocean_menu_typo_spacing_mobile":0,"ocean_menu_typo_spacing_unit":"","ocean_menu_link_color":"","ocean_menu_link_color_hover":"","ocean_menu_link_color_active":"","ocean_menu_link_background":"","ocean_menu_link_hover_background":"","ocean_menu_link_active_background":"","ocean_menu_social_links_bg":"","ocean_menu_social_hover_links_bg":"","ocean_menu_social_links_color":"","ocean_menu_social_hover_links_color":"","ocean_disable_title":"default","ocean_disable_heading":"default","ocean_post_title":"","ocean_post_subheading":"","ocean_post_title_style":"","ocean_post_title_background_color":"","ocean_post_title_background":0,"ocean_post_title_bg_image_position":"","ocean_post_title_bg_image_attachment":"","ocean_post_title_bg_image_repeat":"","ocean_post_title_bg_image_size":"","ocean_post_title_height":0,"ocean_post_title_bg_overlay":0.5,"ocean_post_title_bg_overlay_color":"","ocean_disable_breadcrumbs":"default","ocean_breadcrumbs_color":"","ocean_breadcrumbs_separator_color":"","ocean_breadcrumbs_links_color":"","ocean_breadcrumbs_links_hover_color":"","ocean_display_footer_widgets":"default","ocean_display_footer_bottom":"default","ocean_custom_footer_template":"","_joinchat":[],"footnotes":""},"class_list":["post-1179","page","type-page","status-publish","hentry","entry"],"_links":{"self":[{"href":"https:\/\/turismoalmagrocreativo.com\/index.php\/wp-json\/wp\/v2\/pages\/1179","targetHints":{"allow":["GET"]}}],"collection":[{"href":"https:\/\/turismoalmagrocreativo.com\/index.php\/wp-json\/wp\/v2\/pages"}],"about":[{"href":"https:\/\/turismoalmagrocreativo.com\/index.php\/wp-json\/wp\/v2\/types\/page"}],"author":[{"embeddable":true,"href":"https:\/\/turismoalmagrocreativo.com\/index.php\/wp-json\/wp\/v2\/users\/1"}],"replies":[{"embeddable":true,"href":"https:\/\/turismoalmagrocreativo.com\/index.php\/wp-json\/wp\/v2\/comments?post=1179"}],"version-history":[{"count":13,"href":"https:\/\/turismoalmagrocreativo.com\/index.php\/wp-json\/wp\/v2\/pages\/1179\/revisions"}],"predecessor-version":[{"id":1208,"href":"https:\/\/turismoalmagrocreativo.com\/index.php\/wp-json\/wp\/v2\/pages\/1179\/revisions\/1208"}],"wp:attachment":[{"href":"https:\/\/turismoalmagrocreativo.com\/index.php\/wp-json\/wp\/v2\/media?parent=1179"}],"curies":[{"name":"wp","href":"https:\/\/api.w.org\/{rel}","templated":true}]}}